{"id":126,"date":"2018-11-03T12:53:38","date_gmt":"2018-11-03T12:53:38","guid":{"rendered":"http:\/\/eliott-prestige.com\/?page_id=126"},"modified":"2018-11-12T12:20:13","modified_gmt":"2018-11-12T12:20:13","slug":"communication","status":"publish","type":"page","link":"https:\/\/eliott-prestige.com\/en\/communication\/","title":{"rendered":"Communication"},"content":{"rendered":"<p>[vc_row][vc_column][vc_empty_space height=&#8221;282px&#8221;][\/vc_column][\/vc_row][vc_row][vc_column][vc_column_text]<\/p>\n<section class=\"shortcodes\">\n<div class=\"container\">\n<div class=\"mt90\"><\/div>\n<div class=\"header-preamble clearfix\">\n<div class=\"logo\"><img src=\"https:\/\/www.car-private.fr\/wp-content\/themes\/concierge\/assets\/img\/brochure.jpg\" alt=\"\" \/><\/div>\n<div class=\"content css-table\">\n<div class=\"css-table-cell\">\n<h3>Support de communication<\/h3>\n<p>Chiffres Cl\u00e9s, Services, Forces : t\u00e9l\u00e9chargez le d\u00e9pliant commercial Car Private pour en savoir plus sur notre soci\u00e9t\u00e9.<\/p>\n<p><center><a class=\"btn dark\" href=\".pdf\">T\u00e9l\u00e9charger<\/a><\/center><\/div>\n<\/div>\n<\/div>\n<\/div>\n<\/section>\n<p>[\/vc_column_text][\/vc_column][\/vc_row]<\/p>\n","protected":false},"excerpt":{"rendered":"<p>[vc_row][vc_column][vc_empty_space height=&#8221;282px&#8221;][\/vc_column][\/vc_row][vc_row][vc_column][vc_column_text] Support de communication Chiffres Cl\u00e9s, Services, Forces : t\u00e9l\u00e9chargez le d\u00e9pliant commercial Car Private pour en savoir plus sur notre soci\u00e9t\u00e9. T\u00e9l\u00e9charger [\/vc_column_text][\/vc_column][\/vc_row]<\/p>\n","protected":false},"author":3,"featured_media":0,"parent":0,"menu_order":0,"comment_status":"closed","ping_status":"closed","template":"","meta":[],"_links":{"self":[{"href":"https:\/\/eliott-prestige.com\/en\/wp-json\/wp\/v2\/pages\/126\/"}],"collection":[{"href":"https:\/\/eliott-prestige.com\/en\/wp-json\/wp\/v2\/pages\/"}],"about":[{"href":"https:\/\/eliott-prestige.com\/en\/wp-json\/wp\/v2\/types\/page\/"}],"author":[{"embeddable":true,"href":"https:\/\/eliott-prestige.com\/en\/wp-json\/wp\/v2\/users\/3\/"}],"replies":[{"embeddable":true,"href":"https:\/\/eliott-prestige.com\/en\/wp-json\/wp\/v2\/comments\/?post=126"}],"version-history":[{"count":8,"href":"https:\/\/eliott-prestige.com\/en\/wp-json\/wp\/v2\/pages\/126\/revisions\/"}],"predecessor-version":[{"id":396,"href":"https:\/\/eliott-prestige.com\/en\/wp-json\/wp\/v2\/pages\/126\/revisions\/396\/"}],"wp:attachment":[{"href":"https:\/\/eliott-prestige.com\/en\/wp-json\/wp\/v2\/media\/?parent=126"}],"curies":[{"name":"wp","href":"https:\/\/api.w.org\/{rel}","templated":true}]}}