{"id":135,"date":"2018-11-03T12:56:19","date_gmt":"2018-11-03T12:56:19","guid":{"rendered":"http:\/\/eliott-prestige.com\/?page_id=135"},"modified":"2018-11-12T12:59:03","modified_gmt":"2018-11-12T12:59:03","slug":"hotels","status":"publish","type":"page","link":"https:\/\/eliott-prestige.com\/en\/hotels\/","title":{"rendered":"H\u00f4tels"},"content":{"rendered":"<p>[vc_row full_width=&#8221;stretch_row_content_no_spaces&#8221;][vc_column][vc_column_text]<\/p>\n<header id=\"header\" class=\"triangle header-title about\" style=\"background-image: url('https:\/\/www.car-private.fr\/wp-content\/uploads\/2016\/11\/banner_hotel.jpg'); no-repeat center;background-size: cover; background-repeat: no-repeat; background-position: center;\">[\/vc_column_text][\/vc_column][\/vc_row][vc_row][vc_column][vc_empty_space height=&#8221;100px&#8221;][\/vc_column][\/vc_row][vc_row][vc_column][vc_column_text]<\/p>\n<section class=\"content-block\" style=\"; );background-size: cover;\">\n<div class=\"container\">\n<div class=\"row cp_title\">\n<p><img src=\"http:\/\/eliott-prestige.com\/wp-content\/uploads\/2018\/11\/img_hotel.jpg\" \/><\/p>\n<div>\n<h1 class=\"reservation-h1\">R\u00e9servation en ligne de chauffeurs pour h\u00f4tels et palaces<\/h1>\n<\/div>\n<\/div>\n<div class=\"row cp_content\" style=\"height: 500px;\">\n<div class=\"smae-interdace-div sc-column col-lg-4 col-md- col-sm- col-xs- col-lg-offset- \">\n<h2 class=\"smae-interdace\">Interface de r\u00e9servation de chauffeur pour l\u2019h\u00f4tellerie<\/h2>\n<p>Notre portail de r\u00e9servation de ligne est une solution technologique sp\u00e9cialement con\u00e7ue pour les h\u00f4tels. Elle vous permet de communiquer en temps r\u00e9el vos besoins en transport et permet \u00e9galement de planifier les trajets de vos clients. Rapide et intuitive, notre interface de r\u00e9servation simplifie la gestion de vos transports.<\/p>\n<\/div>\n<div class=\"smae-interdace-div sc-column col-lg-4 col-md- col-sm- col-xs- col-lg-offset- \">\n<h2 class=\"smae-interdace\">Des chauffeurs form\u00e9s au service d\u2019une client\u00e8le h\u00f4teli\u00e8re<\/h2>\n<p>Les chauffeurs Car Private d\u00e9di\u00e9 \u00e0 ce service ont b\u00e9n\u00e9fici\u00e9 d\u2019une formation sp\u00e9cifique au transport de la client\u00e8le d\u2019h\u00f4tels. Contactez-nous afin que nous d\u00e9finissions ensemble un plan d\u2019action sp\u00e9cifique \u00e0 votre h\u00f4tel. Votre \u00e9tablissement pourra ainsi b\u00e9n\u00e9ficier d\u2019une \u00e9quipe de chauffeurs form\u00e9s \u00e0 vos pratiques et respectant votre image et votre r\u00e9putation. Langues, exp\u00e9rience, pr\u00e9sence d\u2019un chauffeur de s\u00e9curit\u00e9, nous vous assurons du personnel hautement qualifi\u00e9 et r\u00e9pondant \u00e0 vos exigences.<\/p>\n<\/div>\n<div class=\"smae-interdace-div sc-column col-lg-4 col-md- col-sm- col-xs- col-lg-offset- \">\n<h2 class=\"smae-interdace\">Une approche personnalis\u00e9e r\u00e9pondant \u00e0 vos crit\u00e8res<\/h2>\n<p>Notre approche du service de transport de personnes va bien au-del\u00e0 du voyage en voiture. Permettez \u00e0 votre client\u00e8le une immersion imm\u00e9diate dans l\u2019univers de votre h\u00f4tel en choisissant une entreprise de location de voiture avec chauffeur ayant le sens du service. Accueil personnalis\u00e9 \u00e0 l\u2019a\u00e9roport ou \u00e0 la gare, service de conciergerie pendant la course, visite guid\u00e9e\u2026 sont autant de services que Car Private peut fournir \u00e0 vos clients.<\/p>\n<\/div>\n<\/div>\n<\/div>\n<\/section>\n<p>[\/vc_column_text][\/vc_column][\/vc_row][vc_row][vc_column][vc_column_text]<\/p>\n<\/header>\n<p>[\/vc_column_text][\/vc_column][\/vc_row]<\/p>\n","protected":false},"excerpt":{"rendered":"<p>[vc_row full_width=&#8221;stretch_row_content_no_spaces&#8221;][vc_column][vc_column_text] [\/vc_column_text][\/vc_column][\/vc_row][vc_row][vc_column][vc_empty_space height=&#8221;100px&#8221;][\/vc_column][\/vc_row][vc_row][vc_column][vc_column_text] R\u00e9servation en ligne de chauffeurs pour h\u00f4tels et palaces Interface de r\u00e9servation de chauffeur pour l\u2019h\u00f4tellerie Notre portail de r\u00e9servation de ligne est une solution technologique sp\u00e9cialement con\u00e7ue pour les h\u00f4tels. Elle vous permet de communiquer en temps r\u00e9el vos besoins en transport et permet \u00e9galement de planifier les trajets de[&#8230;]<\/p>\n<p class=\"button_more\"><a href=\"https:\/\/eliott-prestige.com\/en\/hotels\/\" class=\"btn dark\">Lire la suite<\/a><\/p>\n","protected":false},"author":3,"featured_media":0,"parent":0,"menu_order":0,"comment_status":"closed","ping_status":"closed","template":"","meta":[],"_links":{"self":[{"href":"https:\/\/eliott-prestige.com\/en\/wp-json\/wp\/v2\/pages\/135\/"}],"collection":[{"href":"https:\/\/eliott-prestige.com\/en\/wp-json\/wp\/v2\/pages\/"}],"about":[{"href":"https:\/\/eliott-prestige.com\/en\/wp-json\/wp\/v2\/types\/page\/"}],"author":[{"embeddable":true,"href":"https:\/\/eliott-prestige.com\/en\/wp-json\/wp\/v2\/users\/3\/"}],"replies":[{"embeddable":true,"href":"https:\/\/eliott-prestige.com\/en\/wp-json\/wp\/v2\/comments\/?post=135"}],"version-history":[{"count":11,"href":"https:\/\/eliott-prestige.com\/en\/wp-json\/wp\/v2\/pages\/135\/revisions\/"}],"predecessor-version":[{"id":399,"href":"https:\/\/eliott-prestige.com\/en\/wp-json\/wp\/v2\/pages\/135\/revisions\/399\/"}],"wp:attachment":[{"href":"https:\/\/eliott-prestige.com\/en\/wp-json\/wp\/v2\/media\/?parent=135"}],"curies":[{"name":"wp","href":"https:\/\/api.w.org\/{rel}","templated":true}]}}