{"id":141,"date":"2018-11-03T12:57:19","date_gmt":"2018-11-03T12:57:19","guid":{"rendered":"http:\/\/eliott-prestige.com\/?page_id=141"},"modified":"2018-11-13T05:13:03","modified_gmt":"2018-11-13T05:13:03","slug":"agences-de-voyage","status":"publish","type":"page","link":"https:\/\/eliott-prestige.com\/en\/agences-de-voyage\/","title":{"rendered":"Agences de voyage"},"content":{"rendered":"<p>[vc_row full_width=&#8221;stretch_row_content_no_spaces&#8221;][vc_column][vc_column_text]<\/p>\n<header id=\"header\" class=\"triangle header-title about\" style=\"background-image: url('https:\/\/www.car-private.fr\/wp-content\/uploads\/2017\/12\/header_voyages.jpg'); no-repeat center;background-size: cover; background-repeat: no-repeat; background-position: center;\"><\/header>\n<p>[\/vc_column_text][\/vc_column][\/vc_row][vc_row][vc_column][vc_empty_space height=&#8221;100px&#8221;][\/vc_column][\/vc_row][vc_row][vc_column][vc_column_text]<\/p>\n<section class=\"content-block\" style=\"; );background-size: cover;\">\n<div class=\"container\">\n<div class=\"row \">\n<div class=\"col-lg-3 col-md-4 col-sm-6 col-xs-12 col-lg-offset- one-fourth\">\n<div class=\"pageblock\"><img src=\"https:\/\/www.car-private.fr\/wp-content\/uploads\/2016\/11\/img_voyage.jpg\" \/><\/div>\n<\/div>\n<div class=\"col-lg-3 col-md-4 col-sm-6 col-xs-12 col-lg-offset- one-fourth\">\n<div class=\"pageblock\">\n<h1 class=\"vosclients-h1\">A l&#8217;\u00e9coute de vos clients<\/h1>\n<p class=\"vosclients-p\" style=\"font-size: 0.72em;\">Nous composons avec vous l\u2019exp\u00e9rience r\u00eav\u00e9e par vos clients. Accueil personnalis\u00e9 \u00e0 l\u2019a\u00e9roport, choix du v\u00e9hicule, chauffeurs multilingues, excursions \u00e0 la carte : toutes les prestations de transport avec chauffeurs Car Private sont enti\u00e8rement personnalisables pour r\u00e9pondre au mieux aux attentes de vos clients.<\/p>\n<\/div>\n<\/div>\n<div class=\"col-lg-3 col-md-4 col-sm-6 col-xs-12 col-lg-offset- one-fourth\">\n<div class=\"pageblock vosclients-div\">\n<h1 class=\"vosclients-h1\">Une prestation digne d\u2019un palace<\/h1>\n<p>Berlines &amp; Limousines derni\u00e8res g\u00e9n\u00e9ration, int\u00e9rieurs cuir, chauffeurs de m\u00e9tier, Car Private met tout en \u0153uvre pour offrir \u00e0 vos clients une exp\u00e9rience au-del\u00e0 de leurs attentes.<\/p>\n<\/div>\n<\/div>\n<div class=\"col-lg-3 col-md-4 col-sm-6 col-xs-12 col-lg-offset- one-fourth\">\n<div class=\"pageblock\" style=\"background-color: #1e2e42;\">\n<h3>&#8211; Car Private &#8211;<\/h3>\n<h5 style=\"color: #fff; margin-top: 20px; text-align: center;\">Un service \u00e0 la carte<br \/>\n&#8211;<br \/>\nPackage<\/h5>\n<\/div>\n<\/div>\n<\/div>\n<div class=\"row row-mrg-top\">\n<div class=\"col-lg-3 col-md-4 col-sm-6 col-xs-12 col-lg-offset- one-fourth\">\n<div class=\"pageblock vosclients-div\">\n<h1 class=\"vosclients-h1\">Un partenaire sur lequel vous pouvez compter<\/h1>\n<p>R\u00e9servation de derni\u00e8re minute, retard d\u2019avion, changement de programme : notre \u00e9quipe se relaie nuit et jour, 365 jours par an, pour vous garantir une r\u00e9activit\u00e9 dont vous avez besoin.<\/p>\n<\/div>\n<\/div>\n<div class=\"col-lg-6 col-md-4 col-sm-6 col-xs-12 col-lg-offset- one-fourth\">\n<div class=\"pageblock vosclients-div-2\" style=\"background-color: #1e2e42;\">\n<h3 class=\"vosclients-h1-2\" style=\"font-size: 1.8em;\">Transferts, excursions, accueil VIP&#8230;<br \/>\nNous vous propose un ensemble de services de transport avec chauffeur sur-mesure afin de sublimer l\u2019exp\u00e9rience de vos clients.<\/h3>\n<p style=\"color: #fff; text-align: center; font-style: italic; margin-top: 20px; line-height: 1.2em; font-size: 0.8em;\">Optez pour la tranquillit\u00e9 en confiant vos clients au <b>partenaire de la plupart des palaces et h\u00f4tels de luxe<\/b> en France<\/p>\n<\/div>\n<\/div>\n<div class=\"col-lg-3 col-md-4 col-sm-6 col-xs-12 col-lg-offset- one-fourth\">\n<div class=\"pageblock\"><img loading=\"lazy\" class=\"aligncenter size-full wp-image-3329\" src=\"https:\/\/www.car-private.fr\/wp-content\/uploads\/2016\/11\/Fotolia_50117101_S.jpg\" alt=\"Voyage clavier doigt\" width=\"357\" height=\"247\" \/><\/div>\n<\/div>\n<\/div>\n<\/div>\n<\/section>\n<p>[\/vc_column_text][\/vc_column][\/vc_row]<\/p>\n","protected":false},"excerpt":{"rendered":"<p>[vc_row full_width=&#8221;stretch_row_content_no_spaces&#8221;][vc_column][vc_column_text] [\/vc_column_text][\/vc_column][\/vc_row][vc_row][vc_column][vc_empty_space height=&#8221;100px&#8221;][\/vc_column][\/vc_row][vc_row][vc_column][vc_column_text] A l&#8217;\u00e9coute de vos clients Nous composons avec vous l\u2019exp\u00e9rience r\u00eav\u00e9e par vos clients. Accueil personnalis\u00e9 \u00e0 l\u2019a\u00e9roport, choix du v\u00e9hicule, chauffeurs multilingues, excursions \u00e0 la carte : toutes les prestations de transport avec chauffeurs Car Private sont enti\u00e8rement personnalisables pour r\u00e9pondre au mieux aux attentes de vos clients. Une prestation[&#8230;]<\/p>\n<p class=\"button_more\"><a href=\"https:\/\/eliott-prestige.com\/en\/agences-de-voyage\/\" class=\"btn dark\">Lire la suite<\/a><\/p>\n","protected":false},"author":3,"featured_media":0,"parent":0,"menu_order":0,"comment_status":"closed","ping_status":"closed","template":"","meta":[],"_links":{"self":[{"href":"https:\/\/eliott-prestige.com\/en\/wp-json\/wp\/v2\/pages\/141\/"}],"collection":[{"href":"https:\/\/eliott-prestige.com\/en\/wp-json\/wp\/v2\/pages\/"}],"about":[{"href":"https:\/\/eliott-prestige.com\/en\/wp-json\/wp\/v2\/types\/page\/"}],"author":[{"embeddable":true,"href":"https:\/\/eliott-prestige.com\/en\/wp-json\/wp\/v2\/users\/3\/"}],"replies":[{"embeddable":true,"href":"https:\/\/eliott-prestige.com\/en\/wp-json\/wp\/v2\/comments\/?post=141"}],"version-history":[{"count":7,"href":"https:\/\/eliott-prestige.com\/en\/wp-json\/wp\/v2\/pages\/141\/revisions\/"}],"predecessor-version":[{"id":407,"href":"https:\/\/eliott-prestige.com\/en\/wp-json\/wp\/v2\/pages\/141\/revisions\/407\/"}],"wp:attachment":[{"href":"https:\/\/eliott-prestige.com\/en\/wp-json\/wp\/v2\/media\/?parent=141"}],"curies":[{"name":"wp","href":"https:\/\/api.w.org\/{rel}","templated":true}]}}