{"id":148,"date":"2018-11-03T12:58:55","date_gmt":"2018-11-03T12:58:55","guid":{"rendered":"http:\/\/eliott-prestige.com\/?page_id=148"},"modified":"2018-11-23T11:12:38","modified_gmt":"2018-11-23T11:12:38","slug":"protection","status":"publish","type":"page","link":"https:\/\/eliott-prestige.com\/en\/services\/protection\/","title":{"rendered":"Protection"},"content":{"rendered":"<p>[vc_row full_width=&#8221;stretch_row_content_no_spaces&#8221;][vc_column][vc_column_text]<\/p>\n<header id=\"header\" class=\"triangle header-title about\" style=\"background-image: url('https:\/\/www.car-private.fr\/wp-content\/uploads\/2015\/12\/Car-Private-Limousine-service-C3P-Paris-Bruxelles-Cannes-Monaco-2.jpg'); no-repeat center;background-size: cover; background-repeat: no-repeat; background-position: center;\"><\/header>\n<p>[\/vc_column_text][\/vc_column][\/vc_row][vc_row][vc_column][vc_empty_space height=&#8221;100px&#8221;][\/vc_column][\/vc_row][vc_row][vc_column][vc_column_text]<\/p>\n<div class=\"col-lg-12 col-sm-12 post-content\">\n<header class=\"post-header\">\n<h5 class=\"Protection-h5\">Protection<\/h5>\n<p>9 Nov 2016<\/p>\n<\/header>\n<p style=\"padding-top: 17px;\">PROTECTION<\/p>\n<p>(Cr\u00e9er Slide 3 volets)<\/p>\n<p>Le d\u00e9partement protection englobe\u00a0:<\/p>\n<p>La protection rapproch\u00e9e (photo agente de s\u00e9cu)<br \/>\nAgents de s\u00e9curit\u00e9 rapproch\u00e9e<br \/>\nLes chauffeurs de s\u00e9curit\u00e9 (photo en cours)<br \/>\nDes chauffeurs professionnel form\u00e9 en conduite s\u00e9curit\u00e9<br \/>\nLes chauffeurs de personnalit\u00e9s (photo en cours)<br \/>\nDes chauffeurs s\u00e9lectionner par une charte de qualit\u00e9 stricte<\/p>\n<div><\/div>\n<\/div>\n<p>[\/vc_column_text][\/vc_column][\/vc_row]<\/p>\n","protected":false},"excerpt":{"rendered":"<p>[vc_row full_width=&#8221;stretch_row_content_no_spaces&#8221;][vc_column][vc_column_text] [\/vc_column_text][\/vc_column][\/vc_row][vc_row][vc_column][vc_empty_space height=&#8221;100px&#8221;][\/vc_column][\/vc_row][vc_row][vc_column][vc_column_text] Protection 9 Nov 2016 PROTECTION (Cr\u00e9er Slide 3 volets) Le d\u00e9partement protection englobe\u00a0: La protection rapproch\u00e9e (photo agente de s\u00e9cu) Agents de s\u00e9curit\u00e9 rapproch\u00e9e Les chauffeurs de s\u00e9curit\u00e9 (photo en cours) Des chauffeurs professionnel form\u00e9 en conduite s\u00e9curit\u00e9 Les chauffeurs de personnalit\u00e9s (photo en cours) Des chauffeurs s\u00e9lectionner par une charte[&#8230;]<\/p>\n<p class=\"button_more\"><a href=\"https:\/\/eliott-prestige.com\/en\/services\/protection\/\" class=\"btn dark\">Lire la suite<\/a><\/p>\n","protected":false},"author":3,"featured_media":0,"parent":143,"menu_order":0,"comment_status":"closed","ping_status":"closed","template":"","meta":[],"_links":{"self":[{"href":"https:\/\/eliott-prestige.com\/en\/wp-json\/wp\/v2\/pages\/148\/"}],"collection":[{"href":"https:\/\/eliott-prestige.com\/en\/wp-json\/wp\/v2\/pages\/"}],"about":[{"href":"https:\/\/eliott-prestige.com\/en\/wp-json\/wp\/v2\/types\/page\/"}],"author":[{"embeddable":true,"href":"https:\/\/eliott-prestige.com\/en\/wp-json\/wp\/v2\/users\/3\/"}],"replies":[{"embeddable":true,"href":"https:\/\/eliott-prestige.com\/en\/wp-json\/wp\/v2\/comments\/?post=148"}],"version-history":[{"count":9,"href":"https:\/\/eliott-prestige.com\/en\/wp-json\/wp\/v2\/pages\/148\/revisions\/"}],"predecessor-version":[{"id":578,"href":"https:\/\/eliott-prestige.com\/en\/wp-json\/wp\/v2\/pages\/148\/revisions\/578\/"}],"up":[{"embeddable":true,"href":"https:\/\/eliott-prestige.com\/en\/wp-json\/wp\/v2\/pages\/143\/"}],"wp:attachment":[{"href":"https:\/\/eliott-prestige.com\/en\/wp-json\/wp\/v2\/media\/?parent=148"}],"curies":[{"name":"wp","href":"https:\/\/api.w.org\/{rel}","templated":true}]}}