{"id":169,"date":"2018-11-03T13:07:45","date_gmt":"2018-11-03T13:07:45","guid":{"rendered":"http:\/\/eliott-prestige.com\/?page_id=169"},"modified":"2018-11-22T04:07:31","modified_gmt":"2018-11-22T04:07:31","slug":"chauffeur-particulier","status":"publish","type":"page","link":"https:\/\/eliott-prestige.com\/en\/services\/customized-transportation\/chauffeur-particulier\/","title":{"rendered":"Chauffeur particulier"},"content":{"rendered":"<p>[vc_row][vc_column][vc_row_inner][vc_column_inner el_class=&#8221;chauffeur-block&#8221; width=&#8221;1\/3&#8243; css=&#8221;.vc_custom_1542274785246{margin-right: 10px !important;}&#8221;][vc_custom_heading text=&#8221;D\u00e9placez-vous sereinement avec un chauffeur particulier&#8221; font_container=&#8221;tag:h2|font_size:1.5em|text_align:center|color:%231e2e42&#8243; use_theme_fonts=&#8221;yes&#8221;][vc_single_image image=&#8221;87&#8243; img_size=&#8221;full&#8221; alignment=&#8221;center&#8221;][vc_column_text]Pour vos d\u00e9placements en famille, Car Private propose un service sp\u00e9cialement d\u00e9di\u00e9 au transport de particuliers (T3P). En mettant un chauffeur particulier \u00e0 votre disposition, nous vous offrons l\u2019exp\u00e9rience d\u2019un voyage unique et tout confort. D\u00e9couvrez le luxe d\u2019une offre de transport personnalis\u00e9e.[\/vc_column_text][\/vc_column_inner][vc_column_inner el_class=&#8221;chauffeur-block&#8221; width=&#8221;1\/3&#8243; css=&#8221;.vc_custom_1542278462788{margin-right: 10px !important;}&#8221;][vc_custom_heading text=&#8221;Prise en charge par un chauffeur particulier \u00e0 l\u2019a\u00e9roport&#8221; font_container=&#8221;tag:h2|font_size:1.5em|text_align:center|color:%231e2e42&#8243; use_theme_fonts=&#8221;yes&#8221;][vc_single_image image=&#8221;87&#8243; img_size=&#8221;full&#8221; alignment=&#8221;center&#8221;][vc_column_text]<\/p>\n<div>\n<p>Pour vous rendre \u00e0 l\u2019a\u00e9roport ou d\u00e8s votre descente d\u2019avion, profitez de\u00a0<b>l\u2019exclusivit\u00e9 de notre service<\/b>\u00a0de transport pour particulier. Nous mettons \u00e0 votre disposition un chauffeur qui s\u2019occupera de vous amener \u00e0 destination. Un service de qualit\u00e9 qui vous assure un\u00a0<b>transfert rapide et serein<\/b>.<\/p>\n<\/div>\n<p>[\/vc_column_text][\/vc_column_inner][vc_column_inner el_class=&#8221;chauffeur-block&#8221; width=&#8221;1\/3&#8243;][vc_custom_heading text=&#8221;Un chauffeur particulier pour tous vos trajets en ville&#8221; font_container=&#8221;tag:h2|font_size:1.5em|text_align:center|color:%231e2e42&#8243; use_theme_fonts=&#8221;yes&#8221;][vc_single_image image=&#8221;87&#8243; img_size=&#8221;full&#8221; alignment=&#8221;center&#8221;][vc_column_text]<\/p>\n<div>\n<p>Que vous arriviez en train ou que vous souhaitiez vous\u00a0<b>d\u00e9placer en ville, profitez des services d\u2019un chauffeur personnel. Pour un trajet unique ou pour un\u00a0service sur mesure, laissez-nous vous emmener l\u00e0 o\u00f9 vous le souhaitez.<\/b><\/p>\n<\/div>\n<p>[\/vc_column_text][\/vc_column_inner][\/vc_row_inner][vc_row_inner el_class=&#8221;divider_block&#8221;][vc_column_inner width=&#8221;1\/3&#8243;][vc_separator color=&#8221;custom&#8221; border_width=&#8221;10&#8243; accent_color=&#8221;#63c8f2&#8243;][\/vc_column_inner][vc_column_inner width=&#8221;1\/3&#8243;][vc_separator color=&#8221;custom&#8221; border_width=&#8221;10&#8243; accent_color=&#8221;#63c8f2&#8243;][\/vc_column_inner][vc_column_inner width=&#8221;1\/3&#8243;][vc_separator color=&#8221;custom&#8221; border_width=&#8221;10&#8243; accent_color=&#8221;#63c8f2&#8243;][\/vc_column_inner][\/vc_row_inner][vc_row_inner][vc_column_inner el_class=&#8221;chauffeur-block&#8221; width=&#8221;1\/3&#8243; css=&#8221;.vc_custom_1542278122534{margin-right: 10px !important;}&#8221;][vc_custom_heading text=&#8221;Un chauffeur particulier pour vos sorties en famille&#8221; font_container=&#8221;tag:h2|font_size:1.5em|text_align:center|color:%231e2e42&#8243; use_theme_fonts=&#8221;yes&#8221;][vc_single_image image=&#8221;87&#8243; img_size=&#8221;full&#8221; alignment=&#8221;center&#8221;][vc_column_text]Profitez vraiment de votre temps libre en nous confiant l\u2019organisation de vos\u00a0<b>sorties en famille<\/b>. D\u00e9placements, r\u00e9servation de guide, tour de ville, nous mettons tout en \u0153uvre pour que votre s\u00e9jour soit f\u00e9\u00e9rique. Savourez l\u2019instant, nous nous chargeons du reste.<br \/>\n[\/vc_column_text][\/vc_column_inner][vc_column_inner el_class=&#8221;chauffeur-block image-full-width&#8221; width=&#8221;1\/3&#8243; css=&#8221;.vc_custom_1542278218216{margin-right: 10px !important;}&#8221;][vc_single_image image=&#8221;494&#8243; img_size=&#8221;full&#8221; el_class=&#8221;image-heightfix&#8221;][\/vc_column_inner][vc_column_inner el_class=&#8221;chauffeur-block&#8221; width=&#8221;1\/3&#8243;][vc_custom_heading text=&#8221;La discr\u00e9tion d\u2019un chauffeur lors d\u2019un service fun\u00e9raire&#8221; font_container=&#8221;tag:h2|font_size:1.5em|text_align:center|color:%231e2e42&#8243; use_theme_fonts=&#8221;yes&#8221;][vc_single_image image=&#8221;87&#8243; img_size=&#8221;full&#8221; alignment=&#8221;center&#8221;][vc_column_text]Lors de moments difficiles comme celui des fun\u00e9railles, nous mettons \u00e0 votre disposition pour vos d\u00e9placements une voiture avec chauffeur. Notre personnel fera preuve de la plus grande discr\u00e9tion tout en vous accompagnant tout au long de cette journ\u00e9e.[\/vc_column_text][\/vc_column_inner][\/vc_row_inner][vc_row_inner el_class=&#8221;divider_block&#8221;][vc_column_inner width=&#8221;1\/3&#8243;][vc_separator color=&#8221;custom&#8221; border_width=&#8221;10&#8243; accent_color=&#8221;#63c8f2&#8243;][\/vc_column_inner][vc_column_inner width=&#8221;1\/3&#8243;][vc_separator color=&#8221;custom&#8221; border_width=&#8221;10&#8243; accent_color=&#8221;#63c8f2&#8243;][\/vc_column_inner][vc_column_inner width=&#8221;1\/3&#8243;][vc_separator color=&#8221;custom&#8221; border_width=&#8221;10&#8243; accent_color=&#8221;#63c8f2&#8243;][\/vc_column_inner][\/vc_row_inner][\/vc_column][\/vc_row][vc_row css=&#8221;.vc_custom_1542273592789{margin-top: 80px !important;}&#8221;][vc_column width=&#8221;1\/4&#8243;][\/vc_column][vc_column width=&#8221;1\/2&#8243;][vc_video link=&#8221;https:\/\/youtu.be\/XXOD-hoYrYY&#8221;][\/vc_column][vc_column width=&#8221;1\/4&#8243;][\/vc_column][\/vc_row]<\/p>\n","protected":false},"excerpt":{"rendered":"<p>[vc_row][vc_column][vc_row_inner][vc_column_inner el_class=&#8221;chauffeur-block&#8221; width=&#8221;1\/3&#8243; css=&#8221;.vc_custom_1542274785246{margin-right: 10px !important;}&#8221;][vc_custom_heading text=&#8221;D\u00e9placez-vous sereinement avec un chauffeur particulier&#8221; font_container=&#8221;tag:h2|font_size:1.5em|text_align:center|color:%231e2e42&#8243; use_theme_fonts=&#8221;yes&#8221;][vc_single_image image=&#8221;87&#8243; img_size=&#8221;full&#8221; alignment=&#8221;center&#8221;][vc_column_text]Pour vos d\u00e9placements en famille, Car Private propose un service sp\u00e9cialement d\u00e9di\u00e9 au transport de particuliers (T3P). En mettant un chauffeur particulier \u00e0 votre disposition, nous vous offrons l\u2019exp\u00e9rience d\u2019un voyage unique et tout confort. D\u00e9couvrez le luxe d\u2019une[&#8230;]<\/p>\n<p class=\"button_more\"><a href=\"https:\/\/eliott-prestige.com\/en\/services\/customized-transportation\/chauffeur-particulier\/\" class=\"btn dark\">Lire la suite<\/a><\/p>\n","protected":false},"author":3,"featured_media":459,"parent":146,"menu_order":0,"comment_status":"closed","ping_status":"closed","template":"","meta":[],"_links":{"self":[{"href":"https:\/\/eliott-prestige.com\/en\/wp-json\/wp\/v2\/pages\/169\/"}],"collection":[{"href":"https:\/\/eliott-prestige.com\/en\/wp-json\/wp\/v2\/pages\/"}],"about":[{"href":"https:\/\/eliott-prestige.com\/en\/wp-json\/wp\/v2\/types\/page\/"}],"author":[{"embeddable":true,"href":"https:\/\/eliott-prestige.com\/en\/wp-json\/wp\/v2\/users\/3\/"}],"replies":[{"embeddable":true,"href":"https:\/\/eliott-prestige.com\/en\/wp-json\/wp\/v2\/comments\/?post=169"}],"version-history":[{"count":8,"href":"https:\/\/eliott-prestige.com\/en\/wp-json\/wp\/v2\/pages\/169\/revisions\/"}],"predecessor-version":[{"id":574,"href":"https:\/\/eliott-prestige.com\/en\/wp-json\/wp\/v2\/pages\/169\/revisions\/574\/"}],"up":[{"embeddable":true,"href":"https:\/\/eliott-prestige.com\/en\/wp-json\/wp\/v2\/pages\/146\/"}],"wp:featuredmedia":[{"embeddable":true,"href":"https:\/\/eliott-prestige.com\/en\/wp-json\/wp\/v2\/media\/459\/"}],"wp:attachment":[{"href":"https:\/\/eliott-prestige.com\/en\/wp-json\/wp\/v2\/media\/?parent=169"}],"curies":[{"name":"wp","href":"https:\/\/api.w.org\/{rel}","templated":true}]}}