{"id":173,"date":"2018-11-03T13:08:48","date_gmt":"2018-11-03T13:08:48","guid":{"rendered":"http:\/\/eliott-prestige.com\/?page_id=173"},"modified":"2018-11-15T11:52:51","modified_gmt":"2018-11-15T11:52:51","slug":"chauffeur-de-personnalites","status":"publish","type":"page","link":"https:\/\/eliott-prestige.com\/en\/services\/protection\/chauffeur-de-personnalites\/","title":{"rendered":"Chauffeur de personnalite\u0301s"},"content":{"rendered":"<p>[vc_row][vc_column width=&#8221;3\/4&#8243;][vc_row_inner css=&#8221;.vc_custom_1542279401712{background-color: #1e2e42 !important;}&#8221;][vc_column_inner][vc_custom_heading text=&#8221;Chauffeur de personnalit\u00e9s Paris, Londres, Duba\u00ef etc&#8221; font_container=&#8221;tag:h2|font_size:2em|text_align:center|color:%23ffffff|line_height:2em&#8221; use_theme_fonts=&#8221;yes&#8221;][\/vc_column_inner][\/vc_row_inner][vc_row_inner][vc_column_inner el_class=&#8221;chauffeur-block-2nd&#8221; width=&#8221;1\/2&#8243;][vc_custom_heading text=&#8221;Une soci\u00e9t\u00e9 sp\u00e9cialis\u00e9e dans le transport de personnalit\u00e9s&#8221; font_container=&#8221;tag:h2|font_size:1.5em|text_align:center&#8221; use_theme_fonts=&#8221;yes&#8221;][vc_single_image image=&#8221;87&#8243; img_size=&#8221;full&#8221; alignment=&#8221;center&#8221;][vc_column_text]<\/p>\n<div>\n<p>Pour garantir la s\u00e9curit\u00e9 et la tranquillit\u00e9 de personnalit\u00e9s m\u00e9diatiques, de politiciens, mais aussi d\u2019hommes ou de femmes d\u2019affaires, Car Private a mis en place un service de\u00a0<b>transport s\u00e9curis\u00e9<\/b>.\u00a0<b>Paris<\/b>, Cannes, Londres, mais aussi\u00a0<b>Duba\u00ef<\/b>ou New York, nous assurons la prise en charge de hautes personnalit\u00e9s partout dans le monde et leur assurons un transport s\u00e9curis\u00e9.<\/p>\n<\/div>\n<p>[\/vc_column_text][\/vc_column_inner][vc_column_inner el_class=&#8221;chauffeur-block-2nd&#8221; width=&#8221;1\/2&#8243;][vc_custom_heading text=&#8221;Des chauffeurs form\u00e9s aux techniques d\u00e9fensives&#8221; font_container=&#8221;tag:h2|font_size:1.5em|text_align:center&#8221; use_theme_fonts=&#8221;yes&#8221;][vc_single_image image=&#8221;87&#8243; img_size=&#8221;full&#8221; alignment=&#8221;center&#8221;][vc_column_text]Nos chauffeurs de s\u00e9curit\u00e9 ont re\u00e7u une formation pouss\u00e9e dans le domaine de la conduite de s\u00e9curit\u00e9. Ces professionnels de la conduite en situation d\u2019urgence, ma\u00eetrisent \u00e9galement les techniques d\u00e9fensives.<\/p>\n<p>Nos chauffeurs sont \u00e9galement form\u00e9s aux techniques de secourisme et de conduite anti-agression. Pour parfaire leurs techniques et connaissances dans le domaine de la s\u00e9curit\u00e9, une formation continue dans un centre sp\u00e9cialis\u00e9 dans la conduite de s\u00e9curit\u00e9 leur est dispens\u00e9e.[\/vc_column_text][\/vc_column_inner][\/vc_row_inner][vc_row_inner el_class=&#8221;border_width_set&#8221;][vc_column_inner width=&#8221;1\/2&#8243;][vc_separator color=&#8221;custom&#8221; border_width=&#8221;10&#8243; accent_color=&#8221;#63c8f2&#8243;][\/vc_column_inner][vc_column_inner width=&#8221;1\/2&#8243;][vc_separator color=&#8221;custom&#8221; border_width=&#8221;10&#8243; accent_color=&#8221;#63c8f2&#8243;][\/vc_column_inner][\/vc_row_inner][\/vc_column][vc_column width=&#8221;1\/4&#8243;][vc_single_image image=&#8221;503&#8243; img_size=&#8221;full&#8221;][vc_column_text]<\/p>\n<p style=\"text-align: center;\"><i>&#8211; SNCTP \u2013<br \/>\nSyndicat National de Transport de Personnalit\u00e9s.<br \/>\nCar Private adh\u00e9rant au Groupe national unissant les chauffeurs de protection des hautes personnalit\u00e9s du public et du priv\u00e9<\/i><\/p>\n<p>[\/vc_column_text][\/vc_column][\/vc_row][vc_row css=&#8221;.vc_custom_1542282347906{padding-top: 80px !important;}&#8221;][vc_column width=&#8221;1\/4&#8243;][\/vc_column][vc_column width=&#8221;1\/2&#8243;][vc_video link=&#8221;https:\/\/youtu.be\/XXOD-hoYrYY&#8221;][\/vc_column][vc_column width=&#8221;1\/4&#8243;][\/vc_column][\/vc_row]<\/p>\n","protected":false},"excerpt":{"rendered":"<p>[vc_row][vc_column width=&#8221;3\/4&#8243;][vc_row_inner css=&#8221;.vc_custom_1542279401712{background-color: #1e2e42 !important;}&#8221;][vc_column_inner][vc_custom_heading text=&#8221;Chauffeur de personnalit\u00e9s Paris, Londres, Duba\u00ef etc&#8221; font_container=&#8221;tag:h2|font_size:2em|text_align:center|color:%23ffffff|line_height:2em&#8221; use_theme_fonts=&#8221;yes&#8221;][\/vc_column_inner][\/vc_row_inner][vc_row_inner][vc_column_inner el_class=&#8221;chauffeur-block-2nd&#8221; width=&#8221;1\/2&#8243;][vc_custom_heading text=&#8221;Une soci\u00e9t\u00e9 sp\u00e9cialis\u00e9e dans le transport de personnalit\u00e9s&#8221; font_container=&#8221;tag:h2|font_size:1.5em|text_align:center&#8221; use_theme_fonts=&#8221;yes&#8221;][vc_single_image image=&#8221;87&#8243; img_size=&#8221;full&#8221; alignment=&#8221;center&#8221;][vc_column_text] Pour garantir la s\u00e9curit\u00e9 et la tranquillit\u00e9 de personnalit\u00e9s m\u00e9diatiques, de politiciens, mais aussi d\u2019hommes ou de femmes d\u2019affaires, Car Private a mis en place un[&#8230;]<\/p>\n<p class=\"button_more\"><a href=\"https:\/\/eliott-prestige.com\/en\/services\/protection\/chauffeur-de-personnalites\/\" class=\"btn dark\">Lire la suite<\/a><\/p>\n","protected":false},"author":3,"featured_media":459,"parent":148,"menu_order":0,"comment_status":"closed","ping_status":"closed","template":"","meta":[],"_links":{"self":[{"href":"https:\/\/eliott-prestige.com\/en\/wp-json\/wp\/v2\/pages\/173\/"}],"collection":[{"href":"https:\/\/eliott-prestige.com\/en\/wp-json\/wp\/v2\/pages\/"}],"about":[{"href":"https:\/\/eliott-prestige.com\/en\/wp-json\/wp\/v2\/types\/page\/"}],"author":[{"embeddable":true,"href":"https:\/\/eliott-prestige.com\/en\/wp-json\/wp\/v2\/users\/3\/"}],"replies":[{"embeddable":true,"href":"https:\/\/eliott-prestige.com\/en\/wp-json\/wp\/v2\/comments\/?post=173"}],"version-history":[{"count":6,"href":"https:\/\/eliott-prestige.com\/en\/wp-json\/wp\/v2\/pages\/173\/revisions\/"}],"predecessor-version":[{"id":508,"href":"https:\/\/eliott-prestige.com\/en\/wp-json\/wp\/v2\/pages\/173\/revisions\/508\/"}],"up":[{"embeddable":true,"href":"https:\/\/eliott-prestige.com\/en\/wp-json\/wp\/v2\/pages\/148\/"}],"wp:featuredmedia":[{"embeddable":true,"href":"https:\/\/eliott-prestige.com\/en\/wp-json\/wp\/v2\/media\/459\/"}],"wp:attachment":[{"href":"https:\/\/eliott-prestige.com\/en\/wp-json\/wp\/v2\/media\/?parent=173"}],"curies":[{"name":"wp","href":"https:\/\/api.w.org\/{rel}","templated":true}]}}